{"id":607,"date":"2023-04-28T17:21:29","date_gmt":"2023-04-28T17:21:29","guid":{"rendered":"https:\/\/cgs.edu.co\/?page_id=607"},"modified":"2024-07-13T01:54:09","modified_gmt":"2024-07-13T01:54:09","slug":"sena-complementaria","status":"publish","type":"page","link":"https:\/\/cgs.edu.co\/index.php\/sena-complementaria\/","title":{"rendered":"SENA &#8211; COMPLEMENTARIAS"},"content":{"rendered":"\t\t<div data-elementor-type=\"wp-page\" data-elementor-id=\"607\" class=\"elementor elementor-607\">\n\t\t\t\t\t\t\t<div class=\"elementor-element elementor-element-d434e36 e-con-boxed e-flex e-con\" data-id=\"d434e36\" data-element_type=\"container\" data-settings=\"{&quot;content_width&quot;:&quot;boxed&quot;}\">\n\t\t\t\t\t<div class=\"e-con-inner\">\n\t\t<div class=\"elementor-element elementor-element-e7759b7 e-con-full e-flex e-con\" data-id=\"e7759b7\" data-element_type=\"container\" data-settings=\"{&quot;content_width&quot;:&quot;full&quot;}\">\n\t\t\t\t<div class=\"elementor-element elementor-element-96e2101 elementor-widget elementor-widget-pdfjs_viewer\" data-id=\"96e2101\" data-element_type=\"widget\" data-widget_type=\"pdfjs_viewer.default\">\n\t\t\t\t<div class=\"elementor-widget-container\">\n\t\t\t<iframe src=\"https:\/\/cgs.edu.co\/wp-content\/plugins\/pdf-viewer-for-elementor\/assets\/pdfjs\/web\/viewer.html?file=https:\/\/cgs.edu.co\/wp-content\/uploads\/2024\/07\/CONSENTIMIENTO-INFORMADO-SENA-9\u00b0.pdf&amp;embedded=true\" style=\"display: block; margin-left: auto; margin-right: auto; width: 640px; height: 1020px;\" frameborder=\"1\" marginheight=\"0px\" marginwidth=\"0px\" allowfullscreen><\/iframe>\t\t<\/div>\n\t\t\t\t<\/div>\n\t\t\t\t<\/div>\n\t\t<div class=\"elementor-element elementor-element-c6f1dfe e-con-full e-flex e-con\" data-id=\"c6f1dfe\" data-element_type=\"container\" data-settings=\"{&quot;content_width&quot;:&quot;full&quot;}\">\n\t\t\t\t<div class=\"elementor-element elementor-element-6cc3fe6 elementor-widget elementor-widget-image\" data-id=\"6cc3fe6\" data-element_type=\"widget\" data-widget_type=\"image.default\">\n\t\t\t\t<div class=\"elementor-widget-container\">\n\t\t\t<style>\/*! elementor - v3.13.2 - 11-05-2023 *\/\n.elementor-widget-image{text-align:center}.elementor-widget-image a{display:inline-block}.elementor-widget-image a img[src$=\".svg\"]{width:48px}.elementor-widget-image img{vertical-align:middle;display:inline-block}<\/style>\t\t\t\t\t\t\t\t\t<figure class=\"wp-caption\">\n\t\t\t\t\t\t\t\t\t\t\t<a href=\"https:\/\/docs.google.com\/forms\/d\/1JiaDZDrrpra0eKXmSZR1ZuSy9l8uJEwe2nLDv8vcQcQ\/viewform?edit_requested=true\">\n\t\t\t\t\t\t\t<img loading=\"lazy\" decoding=\"async\" width=\"225\" height=\"225\" src=\"https:\/\/cgs.edu.co\/wp-content\/uploads\/2024\/07\/registro.jpg\" class=\"attachment-large size-large wp-image-1662\" alt=\"\" srcset=\"https:\/\/cgs.edu.co\/wp-content\/uploads\/2024\/07\/registro.jpg 225w, https:\/\/cgs.edu.co\/wp-content\/uploads\/2024\/07\/registro-150x150.jpg 150w, https:\/\/cgs.edu.co\/wp-content\/uploads\/2024\/07\/registro-70x70.jpg 70w, https:\/\/cgs.edu.co\/wp-content\/uploads\/2024\/07\/registro-125x125.jpg 125w\" sizes=\"auto, (max-width: 225px) 100vw, 225px\" \/>\t\t\t\t\t\t\t\t<\/a>\n\t\t\t\t\t\t\t\t\t\t\t<figcaption class=\"widget-image-caption wp-caption-text\"><\/figcaption>\n\t\t\t\t\t\t\t\t\t\t<\/figure>\n\t\t\t\t\t\t\t\t\t<\/div>\n\t\t\t\t<\/div>\n\t\t\t\t<\/div>\n\t\t\t\t\t<\/div>\n\t\t\t\t<\/div>\n\t\t\t\t<section class=\"elementor-section elementor-top-section elementor-element elementor-element-a5683ee elementor-section-boxed elementor-section-height-default elementor-section-height-default\" data-id=\"a5683ee\" data-element_type=\"section\">\n\t\t\t\t\t\t<div class=\"elementor-container elementor-column-gap-default\">\n\t\t\t\t\t<div class=\"elementor-column elementor-col-100 elementor-top-column elementor-element elementor-element-364d1355\" data-id=\"364d1355\" data-element_type=\"column\">\n\t\t\t<div class=\"elementor-widget-wrap elementor-element-populated\">\n\t\t\t\t\t\t\t\t<div class=\"elementor-element elementor-element-5a46fb01 elementor-widget elementor-widget-text-editor\" data-id=\"5a46fb01\" data-element_type=\"widget\" data-widget_type=\"text-editor.default\">\n\t\t\t\t<div class=\"elementor-widget-container\">\n\t\t\t<style>\/*! elementor - v3.13.2 - 11-05-2023 *\/\n.elementor-widget-text-editor.elementor-drop-cap-view-stacked .elementor-drop-cap{background-color:#69727d;color:#fff}.elementor-widget-text-editor.elementor-drop-cap-view-framed .elementor-drop-cap{color:#69727d;border:3px solid;background-color:transparent}.elementor-widget-text-editor:not(.elementor-drop-cap-view-default) .elementor-drop-cap{margin-top:8px}.elementor-widget-text-editor:not(.elementor-drop-cap-view-default) .elementor-drop-cap-letter{width:1em;height:1em}.elementor-widget-text-editor .elementor-drop-cap{float:left;text-align:center;line-height:1;font-size:50px}.elementor-widget-text-editor .elementor-drop-cap-letter{display:inline-block}<\/style>\t\t\t\t<!-- wp:buttons {\"layout\":{\"type\":\"flex\",\"verticalAlignment\":\"top\",\"justifyContent\":\"right\"}} -->\n<div class=\"wp-block-buttons\"><!-- wp:button {\"textAlign\":\"center\",\"className\":\"is-style-outline\"} -->\n<div class=\"wp-block-button is-style-outline\"><a class=\"wp-block-button__link has-text-align-center wp-element-button\" href=\"https:\/\/cgs.edu.co\/index.php\/sena-2\/\">REGRESAR<\/a><\/div>\n<!-- \/wp:button --><\/div>\n<!-- \/wp:buttons --><!-- wp:paragraph {\"align\":\"justify\",\"fontSize\":\"medium\"} -->\n<p class=\"has-text-align-justify has-medium-font-size\">Apreciados Estudiantes y familias de grado noveno, este espacio es para compartir con ustedes la oferta que tiene el Colegio General Santander IED en articulaci\u00f3n con el Servicio Nacional de Aprendizaje (SENA) en las \u00e1reas de Matem\u00e1ticas y Lectura Critica.<\/p>\n<!-- \/wp:paragraph --><!-- wp:paragraph {\"align\":\"justify\",\"fontSize\":\"medium\"} -->\n<p class=\"has-text-align-justify has-medium-font-size\">En el \u00e1rea de matem\u00e1ticas se trabajan los cursos de <strong><em>Razonamiento Cuantitativo<\/em><\/strong> y <strong><em>Procesamiento de informaci\u00f3n Estad\u00edstica<\/em><\/strong>. (Da Clic AQUI para inscribirte)<\/p>\n<!-- \/wp:paragraph --><!-- wp:list {\"ordered\":true} -->\n<ol><!-- wp:list-item -->\n<li><strong><em>Razonamiento Cuantitativo:<\/em><\/strong><!-- wp:list -->\n<ul><!-- wp:list-item -->\n<li>1) N\u00fameros Reales: Racionales, Enteros Naturales.<\/li>\n<!-- \/wp:list-item --><!-- wp:list-item -->\n<li>Irracionales.<\/li>\n<!-- \/wp:list-item --><!-- wp:list-item -->\n<li>2)Razones y Proporciones.<\/li>\n<!-- \/wp:list-item --><!-- wp:list-item -->\n<li>3)Teorema de Thales de Mileto.<\/li>\n<!-- \/wp:list-item --><!-- wp:list-item -->\n<li>4) Teorema de Pit\u00e1goras.<\/li>\n<!-- \/wp:list-item --><!-- wp:list-item -->\n<li>5) Expresiones Algebraicas: suma, resta, multiplicaci\u00f3n y divisi\u00f3n.<\/li>\n<!-- \/wp:list-item --><!-- wp:list-item -->\n<li>6) S\u00f3lidos o cuerpos Geom\u00e9tricos.<\/li>\n<!-- \/wp:list-item --><\/ul>\n<!-- \/wp:list --><\/li>\n<!-- \/wp:list-item --><!-- wp:list-item -->\n<li><strong><em>Procesamiento de informaci\u00f3n Estad\u00edstica:<\/em><\/strong><!-- wp:list -->\n<ul><!-- wp:list-item -->\n<li>1) Operaciones con N\u00fameros decimales: Suma Resta, Multiplicaci\u00f3n, Divisi\u00f3n.<\/li>\n<!-- \/wp:list-item --><!-- wp:list-item -->\n<li>2)Sumatoria<\/li>\n<!-- \/wp:list-item --><!-- wp:list-item -->\n<li>3) N\u00fameros Factoriales.<\/li>\n<!-- \/wp:list-item --><!-- wp:list-item -->\n<li>4) Diagrama de \u00c1rbol.<\/li>\n<!-- \/wp:list-item --><!-- wp:list-item -->\n<li>5) Medidas de Tendencia Central, Distribuci\u00f3n de Frecuencias<\/li>\n<!-- \/wp:list-item --><\/ul>\n<!-- \/wp:list --><\/li>\n<!-- \/wp:list-item --><\/ol>\n<!-- \/wp:list --><!-- wp:paragraph {\"align\":\"justify\",\"fontSize\":\"medium\"} -->\n<p class=\"has-text-align-justify has-medium-font-size\">En el \u00e1rea de Lectura Critica se trabajan los cursos de <strong>Lectura Critica <\/strong>y <strong><em>Redacci\u00f3n de Textos<\/em><\/strong>. (Da <strong>Clic en la imagen<\/strong> o escanea el <strong><em>QR<\/em><\/strong> para inscribirte)<\/p>\n<!-- \/wp:paragraph --><!-- wp:paragraph {\"align\":\"center\",\"fontSize\":\"medium\"} -->\n<p class=\"has-text-align-center has-medium-font-size\"><a href=\"https:\/\/bit.ly\/3LhqqtD\" data-type=\"URL\" data-id=\"https:\/\/bit.ly\/3LhqqtD\"><img loading=\"lazy\" decoding=\"async\" width=\"300\" height=\"300\" class=\"wp-image-614\" style=\"width: 300px;\" src=\"https:\/\/cgs.edu.co\/wp-content\/uploads\/2023\/04\/Diseno-sin-titulo.png\" alt=\"INSCRIBETE\" srcset=\"https:\/\/cgs.edu.co\/wp-content\/uploads\/2023\/04\/Diseno-sin-titulo.png 500w, https:\/\/cgs.edu.co\/wp-content\/uploads\/2023\/04\/Diseno-sin-titulo-300x300.png 300w, https:\/\/cgs.edu.co\/wp-content\/uploads\/2023\/04\/Diseno-sin-titulo-150x150.png 150w, https:\/\/cgs.edu.co\/wp-content\/uploads\/2023\/04\/Diseno-sin-titulo-70x70.png 70w, https:\/\/cgs.edu.co\/wp-content\/uploads\/2023\/04\/Diseno-sin-titulo-246x246.png 246w, https:\/\/cgs.edu.co\/wp-content\/uploads\/2023\/04\/Diseno-sin-titulo-276x276.png 276w, https:\/\/cgs.edu.co\/wp-content\/uploads\/2023\/04\/Diseno-sin-titulo-125x125.png 125w\" sizes=\"auto, (max-width: 300px) 100vw, 300px\" \/><\/a><\/p>\n<!-- \/wp:paragraph --><!-- wp:paragraph -->\n<p><strong>Lectura Critica<\/strong>:<\/p>\n<!-- \/wp:paragraph --><!-- wp:list {\"ordered\":true} -->\n<ol><!-- wp:list-item -->\n<li><strong><em>Redacci\u00f3n de Textos<\/em><\/strong><!-- wp:list -->\n<ul><!-- wp:list-item -->\n<li>Estructurar el texto teniendo en cuenta la intencionalidad.<\/li>\n<!-- \/wp:list-item --><!-- wp:list-item -->\n<li>Redactar el texto en gris de acuerdo con necesidades identificadas.<\/li>\n<!-- \/wp:list-item --><!-- wp:list-item -->\n<li>Corregir el texto de acuerdo con los criterios textuales establecidos.<\/li>\n<!-- \/wp:list-item --><!-- wp:list-item -->\n<li>Editar el texto de acuerdo con criterios de fondo y forma establecidos.<\/li>\n<!-- \/wp:list-item --><\/ul>\n<!-- \/wp:list --><\/li>\n<!-- \/wp:list-item --><\/ol>\n<!-- \/wp:list -->\t\t\t\t\t\t<\/div>\n\t\t\t\t<\/div>\n\t\t\t\t\t<\/div>\n\t\t<\/div>\n\t\t\t\t\t\t\t<\/div>\n\t\t<\/section>\n\t\t\t\t\t\t\t<\/div>\n\t\t","protected":false},"excerpt":{"rendered":"<p>Apreciados Estudiantes y familias de grado noveno, este espacio es para compartir con ustedes la oferta que tiene el Colegio &hellip; <\/p>\n","protected":false},"author":2,"featured_media":0,"parent":0,"menu_order":0,"comment_status":"closed","ping_status":"closed","template":"elementor_header_footer","meta":{"footnotes":""},"class_list":["post-607","page","type-page","status-publish","hentry"],"_links":{"self":[{"href":"https:\/\/cgs.edu.co\/index.php\/wp-json\/wp\/v2\/pages\/607","targetHints":{"allow":["GET"]}}],"collection":[{"href":"https:\/\/cgs.edu.co\/index.php\/wp-json\/wp\/v2\/pages"}],"about":[{"href":"https:\/\/cgs.edu.co\/index.php\/wp-json\/wp\/v2\/types\/page"}],"author":[{"embeddable":true,"href":"https:\/\/cgs.edu.co\/index.php\/wp-json\/wp\/v2\/users\/2"}],"replies":[{"embeddable":true,"href":"https:\/\/cgs.edu.co\/index.php\/wp-json\/wp\/v2\/comments?post=607"}],"version-history":[{"count":18,"href":"https:\/\/cgs.edu.co\/index.php\/wp-json\/wp\/v2\/pages\/607\/revisions"}],"predecessor-version":[{"id":1667,"href":"https:\/\/cgs.edu.co\/index.php\/wp-json\/wp\/v2\/pages\/607\/revisions\/1667"}],"wp:attachment":[{"href":"https:\/\/cgs.edu.co\/index.php\/wp-json\/wp\/v2\/media?parent=607"}],"curies":[{"name":"wp","href":"https:\/\/api.w.org\/{rel}","templated":true}]}}