{"id":579,"date":"2023-04-19T16:52:20","date_gmt":"2023-04-19T16:52:20","guid":{"rendered":"https:\/\/cgs.edu.co\/?page_id=579"},"modified":"2024-02-26T20:16:38","modified_gmt":"2024-02-26T20:16:38","slug":"universidades","status":"publish","type":"page","link":"https:\/\/cgs.edu.co\/index.php\/universidades\/","title":{"rendered":"UNIVERSIDADES"},"content":{"rendered":"<p><a href=\"https:\/\/cgs.edu.co\/wp-content\/uploads\/2023\/05\/PORTAFOLIO-ESTUDIANTES-2023-VF.pdf\" target=\"_blank\" role=\"button\" rel=\"noopener\"><br \/>\n\t\t\t\t\t\tPORTAFOLIO ESTUDIANTES 2023<br \/>\n\t\t\t\t\t<\/a><br \/>\n\t\t\t<a href=\"https:\/\/forms.office.com\/Pages\/ResponsePage.aspx?id=DQSIkWdsW0yxEjajBLZtrQAAAAAAAAAAAAZAAJLtLQ5UMTlCQk1ZTUE3VVg2VDlEWURVWVBOUzVHQi4u\" target=\"_blank\" role=\"button\" rel=\"noopener\"><br \/>\n\t\t\t\t\t\tINSCRIBETE A LA INMERSI\u00d3N<br \/>\n\t\t\t\t\t<\/a><br \/>\n\t\t\t<a href=\"https:\/\/cgs.edu.co\/index.php\/sena\/\" role=\"button\"><br \/>\n\t\t\t\t\t\tREGRESAR<br \/>\n\t\t\t\t\t<\/a><\/p>\n<style>\/*! elementor - v3.12.1 - 02-04-2023 *\/\n.elementor-heading-title{padding:0;margin:0;line-height:1}.elementor-widget-heading .elementor-heading-title[class*=elementor-size-]>a{color:inherit;font-size:inherit;line-height:inherit}.elementor-widget-heading .elementor-heading-title.elementor-size-small{font-size:15px}.elementor-widget-heading .elementor-heading-title.elementor-size-medium{font-size:19px}.elementor-widget-heading .elementor-heading-title.elementor-size-large{font-size:29px}.elementor-widget-heading .elementor-heading-title.elementor-size-xl{font-size:39px}.elementor-widget-heading .elementor-heading-title.elementor-size-xxl{font-size:59px}<\/style>\n<h2>En el 2023 el acompa\u00f1amiento de la Universidad Cooperativa de Colombia al Colegio General Santander se hace en dos ejes:<\/h2>\n<style>\/*! elementor - v3.12.1 - 02-04-2023 *\/\n.elementor-widget-image{text-align:center}.elementor-widget-image a{display:inline-block}.elementor-widget-image a img[src$=\".svg\"]{width:48px}.elementor-widget-image img{vertical-align:middle;display:inline-block}<\/style>\n<p>\t\t\t\t\t\t\t\t\t\t\t\t<img decoding=\"async\" width=\"559\" height=\"344\" src=\"https:\/\/cgs.edu.co\/wp-content\/uploads\/2023\/05\/ejes-ucc.png\" alt=\"\" loading=\"lazy\" srcset=\"https:\/\/cgs.edu.co\/wp-content\/uploads\/2023\/05\/ejes-ucc.png 559w, https:\/\/cgs.edu.co\/wp-content\/uploads\/2023\/05\/ejes-ucc-300x185.png 300w\" sizes=\"auto, (max-width: 559px) 100vw, 559px\" \/>\t\t\t\t\t\t\t\t\t\t\t\t\t\t\t<\/p>\n<p style=\"margin: 0pt 0.18in 0pt 0.5in; text-align: justify; direction: ltr; unicode-bidi: embed; word-break: normal;\">Para el eje 2 el objetivo es: Vincular a los estudiantes a una oferta diversa de asignaturas obligatorias de un programa acad\u00e9mico y cursos asociados a la cuarta revoluci\u00f3n industrial que les permita vivir las din\u00e1micas\u00a0de la universidad al tiempo que desarrollan habilidades asociadas a campos que aporten a la toma de decisiones sobre su futuro y les brinde herramientas e informaci\u00f3n para trazar sus trayectorias educativas o laborales.<\/p>\n<p style=\"margin: 0pt 0.18in 0pt 0.5in; text-align: justify; direction: ltr; unicode-bidi: embed; word-break: normal;\">\u00a0<\/p>\n<p style=\"margin: 0pt 0.18in 0pt 0.5in; text-align: justify; direction: ltr; unicode-bidi: embed; word-break: normal;\">PARA VER LA OFERTA QUE TIENE LA UNIVERSIDAD PARA EL ESTUDIANTE DE CLIC <a href=\"https:\/\/cgs.edu.co\/wp-content\/uploads\/2023\/05\/PORTAFOLIO-ESTUDIANTES-2023-VF.pdf\">AQUI<\/a><\/p>\n<p style=\"margin: 0pt 0.18in 0pt 0.5in; text-align: justify; direction: ltr; unicode-bidi: embed; word-break: normal;\">SI DESEA PARTICIPAR DE LA INMERSION A LA VIDA UNIVERSITARIA DE CLIC <a href=\"https:\/\/forms.office.com\/Pages\/ResponsePage.aspx?id=DQSIkWdsW0yxEjajBLZtrQAAAAAAAAAAAAZAAJLtLQ5UMTlCQk1ZTUE3VVg2VDlEWURVWVBOUzVHQi4u\">AQUI<\/a><\/p>\n","protected":false},"excerpt":{"rendered":"<p>PORTAFOLIO ESTUDIANTES 2023 INSCRIBETE A LA INMERSI\u00d3N REGRESAR En el 2023 el acompa\u00f1amiento de la Universidad Cooperativa de Colombia al &hellip; <\/p>\n","protected":false},"author":2,"featured_media":0,"parent":0,"menu_order":0,"comment_status":"closed","ping_status":"closed","template":"elementor_header_footer","meta":{"footnotes":""},"class_list":["post-579","page","type-page","status-publish","hentry"],"_links":{"self":[{"href":"https:\/\/cgs.edu.co\/index.php\/wp-json\/wp\/v2\/pages\/579","targetHints":{"allow":["GET"]}}],"collection":[{"href":"https:\/\/cgs.edu.co\/index.php\/wp-json\/wp\/v2\/pages"}],"about":[{"href":"https:\/\/cgs.edu.co\/index.php\/wp-json\/wp\/v2\/types\/page"}],"author":[{"embeddable":true,"href":"https:\/\/cgs.edu.co\/index.php\/wp-json\/wp\/v2\/users\/2"}],"replies":[{"embeddable":true,"href":"https:\/\/cgs.edu.co\/index.php\/wp-json\/wp\/v2\/comments?post=579"}],"version-history":[{"count":25,"href":"https:\/\/cgs.edu.co\/index.php\/wp-json\/wp\/v2\/pages\/579\/revisions"}],"predecessor-version":[{"id":726,"href":"https:\/\/cgs.edu.co\/index.php\/wp-json\/wp\/v2\/pages\/579\/revisions\/726"}],"wp:attachment":[{"href":"https:\/\/cgs.edu.co\/index.php\/wp-json\/wp\/v2\/media?parent=579"}],"curies":[{"name":"wp","href":"https:\/\/api.w.org\/{rel}","templated":true}]}}