{"id":563,"date":"2023-04-19T16:39:09","date_gmt":"2023-04-19T16:39:09","guid":{"rendered":"https:\/\/cgs.edu.co\/?page_id=563"},"modified":"2024-11-26T19:59:20","modified_gmt":"2024-11-26T19:59:20","slug":"matriculas","status":"publish","type":"page","link":"https:\/\/cgs.edu.co\/index.php\/matriculas\/","title":{"rendered":"Matriculas 2025"},"content":{"rendered":"\n<p>Estimados padres de familia. Nos complace informarles sobre el proceso de matr\u00edcula para el pr\u00f3ximo a\u00f1o escolar, tanto para nuestros estudiantes antiguos como para los nuevos que deseen unirse a nuestra comunidad educativa. Queremos asegurarnos de que est\u00e9n completamente informados y preparados para este importante procedimiento.<\/p>\n\n\n\n<p>Adjunto encontrara todos los formularios requeridos para la matricula de su hijo(a).<\/p>\n\n\n\n<p><strong>AVISO IMPORTANTE<\/strong><\/p>\n\n\n\n<p><strong>LE INFORMAMOS A LOS PADRES DE FAMILIA QUE LA ENTREGA DE BOLETINES DE LA SEDE B JORNADA MA\u00d1ANA SE LLEVARA A CABO EN LOS SIGUIENTES HORARIOS.<\/strong><\/p>\n\n\n\n<p>Entrega de boletines para grado tercero jornada ma\u00f1ana el d\u00eda jueves 28 de noviembre.<\/p>\n\n\n\n<p>Entrega de boletines para grado cuarto jornada ma\u00f1ana el d\u00eda jueves 28 de noviembre y lunes 2 de diciembre en el horario de 7:00 a 9:30 am.<\/p>\n\n\n\n<p>Entrega de boletines para el grado quinto y aceleraci\u00f3n el d\u00eda viernes 29 de noviembre y martes 3 de diciembre<\/p>\n\n\n\n<p><\/p>\n\n\n\n<div data-wp-interactive=\"core\/file\" class=\"wp-block-file\"><object data-wp-bind--hidden=\"!state.hasPdfPreview\" hidden class=\"wp-block-file__embed\" data=\"https:\/\/cgs.edu.co\/wp-content\/uploads\/2024\/11\/SIMPADE.pdf\" type=\"application\/pdf\" style=\"width:100%;height:600px\" aria-label=\"Incrustado de SIMPADE.\"><\/object><a id=\"wp-block-file--media-864fa322-3981-49c2-b4c5-34f9f0339c89\" href=\"https:\/\/cgs.edu.co\/wp-content\/uploads\/2024\/11\/SIMPADE.pdf\">SIMPADE<\/a><a href=\"https:\/\/cgs.edu.co\/wp-content\/uploads\/2024\/11\/SIMPADE.pdf\" class=\"wp-block-file__button wp-element-button\" download aria-describedby=\"wp-block-file--media-864fa322-3981-49c2-b4c5-34f9f0339c89\">Descarga<\/a><\/div>\n\n\n\n<p><\/p>\n\n\n\n<div data-wp-interactive=\"core\/file\" class=\"wp-block-file\"><object data-wp-bind--hidden=\"!state.hasPdfPreview\" hidden class=\"wp-block-file__embed\" data=\"https:\/\/cgs.edu.co\/wp-content\/uploads\/2024\/11\/MATRICULA-2025.pdf\" type=\"application\/pdf\" style=\"width:100%;height:600px\" aria-label=\"Incrustado de MATRICULA 2025.\"><\/object><a id=\"wp-block-file--media-c51f82dd-f4c2-403f-a185-16ab560ab1ca\" href=\"https:\/\/cgs.edu.co\/wp-content\/uploads\/2024\/11\/MATRICULA-2025.pdf\">MATRICULA 2025<\/a><a href=\"https:\/\/cgs.edu.co\/wp-content\/uploads\/2024\/11\/MATRICULA-2025.pdf\" class=\"wp-block-file__button wp-element-button\" download aria-describedby=\"wp-block-file--media-c51f82dd-f4c2-403f-a185-16ab560ab1ca\">Descarga<\/a><\/div>\n\n\n\n<p><\/p>\n\n\n\n<div data-wp-interactive=\"core\/file\" class=\"wp-block-file\"><object data-wp-bind--hidden=\"!state.hasPdfPreview\" hidden class=\"wp-block-file__embed\" data=\"https:\/\/cgs.edu.co\/wp-content\/uploads\/2024\/11\/Autorizacion-Uso-de-Imagen.pdf\" type=\"application\/pdf\" style=\"width:100%;height:600px\" aria-label=\"Incrustado de Autorizacion Uso de Imagen.\"><\/object><a id=\"wp-block-file--media-d35d5f01-970f-49ed-b1ca-0f0a145bcdaf\" href=\"https:\/\/cgs.edu.co\/wp-content\/uploads\/2024\/11\/Autorizacion-Uso-de-Imagen.pdf\">Autorizacion Uso de Imagen<\/a><a href=\"https:\/\/cgs.edu.co\/wp-content\/uploads\/2024\/11\/Autorizacion-Uso-de-Imagen.pdf\" class=\"wp-block-file__button wp-element-button\" download aria-describedby=\"wp-block-file--media-d35d5f01-970f-49ed-b1ca-0f0a145bcdaf\">Descarga<\/a><\/div>\n\n\n\n<div data-wp-interactive=\"core\/file\" class=\"wp-block-file\"><object data-wp-bind--hidden=\"!state.hasPdfPreview\" hidden class=\"wp-block-file__embed\" data=\"https:\/\/cgs.edu.co\/wp-content\/uploads\/2024\/11\/ACUERDO-Y-AUTORIZACIONES.pdf\" type=\"application\/pdf\" style=\"width:100%;height:600px\" aria-label=\"Incrustado de ACUERDO Y AUTORIZACIONES.\"><\/object><a id=\"wp-block-file--media-4a91c7d8-dec9-4686-9efe-292481df4c1e\" href=\"https:\/\/cgs.edu.co\/wp-content\/uploads\/2024\/11\/ACUERDO-Y-AUTORIZACIONES.pdf\">ACUERDO Y AUTORIZACIONES<\/a><a href=\"https:\/\/cgs.edu.co\/wp-content\/uploads\/2024\/11\/ACUERDO-Y-AUTORIZACIONES.pdf\" class=\"wp-block-file__button wp-element-button\" download aria-describedby=\"wp-block-file--media-4a91c7d8-dec9-4686-9efe-292481df4c1e\">Descarga<\/a><\/div>\n\n\n\n<p><\/p>\n\n\n\n<p><\/p>\n\n\n\n<p><\/p>\n\n\n\n<p><\/p>\n\n\n\n<p><\/p>\n","protected":false},"excerpt":{"rendered":"<p>Estimados padres de familia. Nos complace informarles sobre el proceso de matr\u00edcula para el pr\u00f3ximo a\u00f1o escolar, tanto para nuestros &hellip; <\/p>\n","protected":false},"author":2,"featured_media":0,"parent":0,"menu_order":0,"comment_status":"closed","ping_status":"closed","template":"","meta":{"footnotes":""},"class_list":["post-563","page","type-page","status-publish","hentry"],"_links":{"self":[{"href":"https:\/\/cgs.edu.co\/index.php\/wp-json\/wp\/v2\/pages\/563","targetHints":{"allow":["GET"]}}],"collection":[{"href":"https:\/\/cgs.edu.co\/index.php\/wp-json\/wp\/v2\/pages"}],"about":[{"href":"https:\/\/cgs.edu.co\/index.php\/wp-json\/wp\/v2\/types\/page"}],"author":[{"embeddable":true,"href":"https:\/\/cgs.edu.co\/index.php\/wp-json\/wp\/v2\/users\/2"}],"replies":[{"embeddable":true,"href":"https:\/\/cgs.edu.co\/index.php\/wp-json\/wp\/v2\/comments?post=563"}],"version-history":[{"count":22,"href":"https:\/\/cgs.edu.co\/index.php\/wp-json\/wp\/v2\/pages\/563\/revisions"}],"predecessor-version":[{"id":1797,"href":"https:\/\/cgs.edu.co\/index.php\/wp-json\/wp\/v2\/pages\/563\/revisions\/1797"}],"wp:attachment":[{"href":"https:\/\/cgs.edu.co\/index.php\/wp-json\/wp\/v2\/media?parent=563"}],"curies":[{"name":"wp","href":"https:\/\/api.w.org\/{rel}","templated":true}]}}