{"id":282,"date":"2023-04-18T22:15:12","date_gmt":"2023-04-18T22:15:12","guid":{"rendered":"https:\/\/cgs.edu.co\/?page_id=282"},"modified":"2024-01-29T14:19:49","modified_gmt":"2024-01-29T14:19:49","slug":"rectoria","status":"publish","type":"page","link":"https:\/\/cgs.edu.co\/index.php\/rectoria\/","title":{"rendered":"Rector\u00eda"},"content":{"rendered":"\n<div class=\"wp-block-columns is-layout-flex wp-container-core-columns-is-layout-9d6595d7 wp-block-columns-is-layout-flex\">\n<div class=\"wp-block-column is-layout-flow wp-block-column-is-layout-flow\" style=\"flex-basis:66.66%\"><\/div>\n\n\n\n<div class=\"wp-block-column is-layout-flow wp-block-column-is-layout-flow\" style=\"flex-basis:33.33%\">\n<p>Ingrid Viviana Rodriguez <\/p>\n\n\n\n<p>Horario de atenci\u00f3n: Lunes a Viernes<br>Jornada Institucional con cita previa<br>Correo de contacto<br>escdigeneralsantan10@educacionbogota.edu.co<\/p>\n<\/div>\n<\/div>\n\n\n\n<div class=\"wp-block-columns is-layout-flex wp-container-core-columns-is-layout-9d6595d7 wp-block-columns-is-layout-flex\">\n<div class=\"wp-block-column is-layout-flow wp-block-column-is-layout-flow\">\n<figure class=\"wp-block-image size-full is-resized\"><img loading=\"lazy\" decoding=\"async\" width=\"647\" height=\"38\" src=\"https:\/\/cgs.edu.co\/wp-content\/uploads\/2023\/04\/image.png\" alt=\"\" class=\"wp-image-599\" style=\"width:852px;height:50px\" srcset=\"https:\/\/cgs.edu.co\/wp-content\/uploads\/2023\/04\/image.png 647w, https:\/\/cgs.edu.co\/wp-content\/uploads\/2023\/04\/image-300x18.png 300w\" sizes=\"auto, (max-width: 647px) 100vw, 647px\" \/><\/figure>\n\n\n\n<p>La rectora es la m\u00e1xima autoridad del Consejo Directivo. Desempe\u00f1a las actividades de direcci\u00f3n, planeaci\u00f3n, coordinaci\u00f3n, administraci\u00f3n, orientaci\u00f3n y es la responsable del funcionamiento de la organizaci\u00f3n escolar.<\/p>\n\n\n\n<p>El art\u00edculo 25 del decreto 1860 de 1994 establece como funciones del rector las siguientes:<\/p>\n\n\n\n<ol type=\"a\">\n<li>Orientar la ejecuci\u00f3n del proyecto institucional y aplicar las decisiones del gobierno escolar\n<li>Velar por el cumplimiento de las funciones docentes y el oportuno aprovisionamiento de los recursos necesarios para el efecto\n<li>Promover el proceso continuo de mejoramiento de la calidad de la educaci\u00f3n en el establecimiento.\n<li>Mantener activas las relaciones con las autoridades educativas, con los patrocinadores o\nauspiciadores de la instituci\u00f3n y con la comunidad local, para el continuo progreso acad\u00e9mico\nde la instituci\u00f3n y el mejoramiento de la vida comunitaria.\n<li>Establecer canales de comunicaci\u00f3n entre los diferentes estamentos de la comunidad educativa.Orientar el proceso educativo con la asistencia del Consejo Acad\u00e9mico.\n<li>Ejercer las funciones disciplinarias que le atribuyan la Ley, los reglamentos y el manual de convivencia\n<\/ol>\n<\/div>\n<\/div>\n","protected":false},"excerpt":{"rendered":"<p>Ingrid Viviana Rodriguez Horario de atenci\u00f3n: Lunes a ViernesJornada Institucional con cita previaCorreo de contactoescdigeneralsantan10@educacionbogota.edu.co La rectora es la m\u00e1xima &hellip; <\/p>\n","protected":false},"author":2,"featured_media":0,"parent":0,"menu_order":0,"comment_status":"closed","ping_status":"closed","template":"","meta":{"footnotes":""},"class_list":["post-282","page","type-page","status-publish","hentry"],"_links":{"self":[{"href":"https:\/\/cgs.edu.co\/index.php\/wp-json\/wp\/v2\/pages\/282","targetHints":{"allow":["GET"]}}],"collection":[{"href":"https:\/\/cgs.edu.co\/index.php\/wp-json\/wp\/v2\/pages"}],"about":[{"href":"https:\/\/cgs.edu.co\/index.php\/wp-json\/wp\/v2\/types\/page"}],"author":[{"embeddable":true,"href":"https:\/\/cgs.edu.co\/index.php\/wp-json\/wp\/v2\/users\/2"}],"replies":[{"embeddable":true,"href":"https:\/\/cgs.edu.co\/index.php\/wp-json\/wp\/v2\/comments?post=282"}],"version-history":[{"count":11,"href":"https:\/\/cgs.edu.co\/index.php\/wp-json\/wp\/v2\/pages\/282\/revisions"}],"predecessor-version":[{"id":1444,"href":"https:\/\/cgs.edu.co\/index.php\/wp-json\/wp\/v2\/pages\/282\/revisions\/1444"}],"wp:attachment":[{"href":"https:\/\/cgs.edu.co\/index.php\/wp-json\/wp\/v2\/media?parent=282"}],"curies":[{"name":"wp","href":"https:\/\/api.w.org\/{rel}","templated":true}]}}